{"id":72,"date":"2020-07-17T15:45:43","date_gmt":"2020-07-17T13:45:43","guid":{"rendered":"http:\/\/resipark.fr\/?page_id=72"},"modified":"2021-02-18T15:43:46","modified_gmt":"2021-02-18T14:43:46","slug":"mentions-legales-et-conditions-dutilisation-du-site","status":"publish","type":"page","link":"https:\/\/resipark.fr\/index.php\/mentions-legales-et-conditions-dutilisation-du-site\/","title":{"rendered":"Mentions l\u00e9gales et conditions d\u2019utilisation du site"},"content":{"rendered":"\n<p class=\"has-background-color has-text-color\">La poursuite de la navigation sur ce site vaut acceptation sans r\u00e9serve des dispositions et conditions d&rsquo;utilisation qui suivent.<\/p>\n\n\n\n<p class=\"has-background-color has-text-color\">La version actuellement en ligne de ces conditions d&rsquo;utilisation est la seule opposable pendant toute la dur\u00e9e d&rsquo;utilisation du site et jusqu&rsquo;\u00e0 ce qu&rsquo;une nouvelle version la remplace.<\/p>\n\n\n\n<p class=\"has-background-color has-text-color\"><br><strong>Article 1 &#8211;&nbsp;Informations l\u00e9gales<br><\/strong><strong>1.1&nbsp;<\/strong>Site (ci-apr\u00e8s \u00ab&nbsp;le site&nbsp;\u00bb)&nbsp;:&nbsp;<a href=\"http:\/\/www.resipark.fr\/\">www.resipark.fr<\/a><\/p>\n\n\n\n<p class=\"has-background-color has-text-color\"><strong>1.2&nbsp;<\/strong>\u00c9diteur (ci-apr\u00e8s \u00ab&nbsp;l&rsquo;\u00e9diteur&nbsp;\u00bb)&nbsp;: RESIPARK, SAS au capital de&nbsp;&nbsp;5 000 euros, dont le si\u00e8ge social est situ\u00e9 26, avenue Christian Doppler 77700 Bailly-Romainvilliers, RCS de Meaux, num\u00e9ro SIREN 882 321 243 repr\u00e9sent\u00e9e par Aymeric Boulan, en sa qualit\u00e9 de dirigeant,<\/p>\n\n\n\n<p class=\"has-background-color has-text-color\">Num\u00e9ro de t\u00e9l\u00e9phone&nbsp;: 01 85 84 02 84<\/p>\n\n\n\n<p class=\"has-background-color has-text-color\">Adresse de courrier \u00e9lectronique&nbsp;:&nbsp;<a href=\"mailto:contact@resipark.fr\">contact@resipark.fr<\/a><\/p>\n\n\n\n<p class=\"has-background-color has-text-color\">Directeur de la publication&nbsp;: Aymeric Boulan<\/p>\n\n\n\n<p class=\"has-background-color has-text-color\"><strong>1.3&nbsp;<\/strong>Conception et r\u00e9alisation&nbsp;: Aymeric Boulan<strong><\/strong><\/p>\n\n\n\n<p class=\"has-background-color has-text-color\"><strong>1.4&nbsp;<\/strong>H\u00e9bergeur (ci-apr\u00e8s \u00ab&nbsp;l&rsquo;h\u00e9bergeur&nbsp;\u00bb)&nbsp;OVH, SAS&nbsp;&nbsp;au capital de 10 069 020 euros, dont le si\u00e8ge social est situ\u00e9 2 rue Kellermann 59100 Roubaix, RCS Lille M\u00e9tropole, , num\u00e9ro SIREN 424 761 419&nbsp;<strong><\/strong><\/p>\n\n\n\n<p class=\"has-background-color has-text-color\"><br><strong>Article 2 &#8211;&nbsp;Protection des donn\u00e9es \u00e0 caract\u00e8re personnel<br><\/strong>Notre site ne demande pas d&rsquo;enregistrement nominatif \u00e0 ses visiteurs et ne proc\u00e8de \u00e0 aucun enregistrement nominatif pour la simple consultation de ses pages.<\/p>\n\n\n\n<p class=\"has-background-color has-text-color\">Cependant, dans certains cas (fonctionnalit\u00e9s de partage li\u00e9es aux r\u00e9seaux sociaux, formulaires de contact,&#8230;), vous pouvez \u00eatre invit\u00e9 \u00e0 laisser des donn\u00e9es personnelles (noms, pr\u00e9noms, num\u00e9ros de t\u00e9l\u00e9phones, adresses postales, adresse \u00e9lectronique\u2026). Le caract\u00e8re obligatoire ou facultatif des donn\u00e9es vous est signal\u00e9 lors de la collecte par un ast\u00e9risque.<\/p>\n\n\n\n<p class=\"has-background-color has-text-color\">Le cas \u00e9ch\u00e9ant, le formulaire de collecte pourra \u00eatre accompagn\u00e9 d&rsquo;une case \u00e0 cocher vous permettant d&rsquo;accepter ou de refuser que vos donn\u00e9es soient utilis\u00e9es \u00e0 des fins commerciales.<\/p>\n\n\n\n<p class=\"has-background-color has-text-color\">Nous ne collectons aucune donn\u00e9e sensible, \u00e0 savoir aucune donn\u00e9e relative \u00e0 vos origines raciales ou ethniques, \u00e0 vos opinions politiques, philosophiques ou religieuses ou votre appartenance syndicale, ou qui sont relatives \u00e0 votre sant\u00e9 ou votre vie sexuelle.<\/p>\n\n\n\n<p class=\"has-background-color has-text-color\">Par ailleurs, lors de la consultation de notre site web, nous pourrions \u00eatre amen\u00e9s \u00e0 collecter et traiter des donn\u00e9es relatives \u00e0 votre navigation (notamment les cookies, votre adresse IP, les pages que vous avez consult\u00e9es et les recherches que vous avez effectu\u00e9es), et \u00e0 votre terminal (type de navigateur utilis\u00e9, mod\u00e8le et version de votre syst\u00e8me d\u2019exploitation, r\u00e9solution de votre \u00e9cran, pr\u00e9sence de certains plug-ins, \u2026). Nous pourrions r\u00e9aliser \u00e9galement une g\u00e9olocalisation approximative de votre ville d\u2019origine. Ces donn\u00e9es seront utilis\u00e9es d\u2019une part pour r\u00e9aliser des statistiques d\u2019utilisation de notre site afin de le rendre plus pertinent, pour identifier les soci\u00e9t\u00e9s s\u2019int\u00e9ressant \u00e0 nos produits, et pour vous proposer des offres publicitaires sur et en dehors de notre site en rapport avec vos centres d\u2019int\u00e9r\u00eat et, \u00e9ventuellement, de votre localit\u00e9. Le destinataire des donn\u00e9es ne pourra \u00eatre que la soci\u00e9t\u00e9 RESIPARK.<\/p>\n\n\n\n<p class=\"has-background-color has-text-color\"><br><strong>Article 3 &#8211;&nbsp;Cookies&nbsp;<\/strong><\/p>\n\n\n\n<p class=\"has-background-color has-text-color\">Le site peut collecter automatiquement des informations standards. Toutes les informations collect\u00e9es indirectement ne seront utilis\u00e9es que pour suivre le volume, le type et la configuration du trafic utilisant ce site, pour en d\u00e9velopper la conception et l&rsquo;agencement et \u00e0 d&rsquo;autres fins administratives et de planification et plus g\u00e9n\u00e9ralement pour am\u00e9liorer le service que nous vous offrons, sans que nous n\u2019ayons de donn\u00e9es personnelles permettant de vous identifier ou de vous contacter directement.<\/p>\n\n\n\n<p class=\"has-background-color has-text-color\"><br><strong>Article 4 &#8211;&nbsp;Photographies et repr\u00e9sentation des produits<\/strong><\/p>\n\n\n\n<p class=\"has-background-color has-text-color\">Les photographies de produits, accompagnant leur description, ne sont pas contractuelles et n&rsquo;engagent pas l&rsquo;\u00e9diteur.<\/p>\n\n\n\n<p class=\"has-background-color has-text-color\"><strong>Article 5 &#8211;&nbsp;<\/strong><strong>Vos droits<\/strong><strong><\/strong><\/p>\n\n\n\n<p class=\"has-background-color has-text-color\">Conform\u00e9ment \u00e0 la loi Informatique et Libert\u00e9s du 6 janvier 1978 modifi\u00e9e par la loi du 6 ao\u00fbt 2004, vous disposez de droits d&rsquo;acc\u00e8s, de rectification et d\u2019opposition aux donn\u00e9es personnelles vous concernant. Vous pouvez exercer ces droits directement aupr\u00e8s de nous, en formulant votre demande \u00e0 contact@resipark.fr.<\/p>\n\n\n\n<p class=\"has-background-color has-text-color\"><strong>Article 6 &#8211;&nbsp;Loi applicable<\/strong><\/p>\n\n\n\n<p class=\"has-background-color has-text-color\">Les pr\u00e9sentes conditions d&rsquo;utilisation du site sont r\u00e9gies par la loi fran\u00e7aise et soumises \u00e0 la comp\u00e9tence des tribunaux de Meaux, sous r\u00e9serve d&rsquo;une attribution de comp\u00e9tence sp\u00e9cifique d\u00e9coulant d&rsquo;un texte de loi ou r\u00e9glementaire particulier.<\/p>\n\n\n\n<p class=\"has-background-color has-text-color\"><br><strong>Article 7 &#8211;&nbsp;Contactez-nous<br><\/strong>Pour toute question, information sur les produits pr\u00e9sent\u00e9s sur le site, ou concernant le site lui-m\u00eame, vous pouvez laisser un message \u00e0 l&rsquo;adresse suivante&nbsp;: contact@resipark.r<\/p>\n","protected":false},"excerpt":{"rendered":"<p>La poursuite de la navigation sur ce site vaut acceptation sans r\u00e9serve des dispositions et conditions d&rsquo;utilisation qui suivent. La version actuellement en ligne de ces conditions d&rsquo;utilisation est la seule opposable pendant toute la dur\u00e9e d&rsquo;utilisation du site et jusqu&rsquo;\u00e0 ce qu&rsquo;une nouvelle version la remplace. Article 1 &#8211;&nbsp;Informations l\u00e9gales1.1&nbsp;Site (ci-apr\u00e8s \u00ab&nbsp;le site&nbsp;\u00bb)&nbsp;:&nbsp;www.resipark.fr 1.2&nbsp;\u00c9diteur &hellip; <\/p>\n","protected":false},"author":1,"featured_media":0,"parent":0,"menu_order":0,"comment_status":"closed","ping_status":"closed","template":"","meta":[],"yoast_head":"<!-- This site is optimized with the Yoast SEO plugin v17.6 - https:\/\/yoast.com\/wordpress\/plugins\/seo\/ -->\n<title>Mentions l\u00e9gales - Resipark<\/title>\n<meta name=\"robots\" content=\"index, follow, max-snippet:-1, max-image-preview:large, max-video-preview:-1\" \/>\n<link rel=\"canonical\" href=\"https:\/\/resipark.fr\/index.php\/mentions-legales-et-conditions-dutilisation-du-site\/\" \/>\n<meta property=\"og:locale\" content=\"fr_FR\" \/>\n<meta property=\"og:type\" content=\"article\" \/>\n<meta property=\"og:title\" content=\"Mentions l\u00e9gales - Resipark\" \/>\n<meta property=\"og:description\" content=\"La poursuite de la navigation sur ce site vaut acceptation sans r\u00e9serve des dispositions et conditions d&rsquo;utilisation qui suivent. La version actuellement en ligne de ces conditions d&rsquo;utilisation est la seule opposable pendant toute la dur\u00e9e d&rsquo;utilisation du site et jusqu&rsquo;\u00e0 ce qu&rsquo;une nouvelle version la remplace. Article 1 &#8211;&nbsp;Informations l\u00e9gales1.1&nbsp;Site (ci-apr\u00e8s \u00ab&nbsp;le site&nbsp;\u00bb)&nbsp;:&nbsp;www.resipark.fr 1.2&nbsp;\u00c9diteur &hellip;\" \/>\n<meta property=\"og:url\" content=\"https:\/\/resipark.fr\/index.php\/mentions-legales-et-conditions-dutilisation-du-site\/\" \/>\n<meta property=\"og:site_name\" content=\"Resipark\" \/>\n<meta property=\"article:modified_time\" content=\"2021-02-18T14:43:46+00:00\" \/>\n<meta name=\"twitter:card\" content=\"summary_large_image\" \/>\n<meta name=\"twitter:label1\" content=\"Dur\u00e9e de lecture estim\u00e9e\" \/>\n\t<meta name=\"twitter:data1\" content=\"4 minutes\" \/>\n<script type=\"application\/ld+json\" class=\"yoast-schema-graph\">{\"@context\":\"https:\/\/schema.org\",\"@graph\":[{\"@type\":\"Organization\",\"@id\":\"https:\/\/resipark.fr\/#organization\",\"name\":\"RESIPARK\",\"url\":\"https:\/\/resipark.fr\/\",\"sameAs\":[],\"logo\":{\"@type\":\"ImageObject\",\"@id\":\"https:\/\/resipark.fr\/#logo\",\"inLanguage\":\"fr-FR\",\"url\":\"https:\/\/resipark.fr\/wp-content\/uploads\/2020\/07\/RP_avecsig_noir.png\",\"contentUrl\":\"https:\/\/resipark.fr\/wp-content\/uploads\/2020\/07\/RP_avecsig_noir.png\",\"width\":190,\"height\":190,\"caption\":\"RESIPARK\"},\"image\":{\"@id\":\"https:\/\/resipark.fr\/#logo\"}},{\"@type\":\"WebSite\",\"@id\":\"https:\/\/resipark.fr\/#website\",\"url\":\"https:\/\/resipark.fr\/\",\"name\":\"Resipark\",\"description\":\"Sols r\\u00e9sine pour parcs de stationnement\",\"publisher\":{\"@id\":\"https:\/\/resipark.fr\/#organization\"},\"potentialAction\":[{\"@type\":\"SearchAction\",\"target\":{\"@type\":\"EntryPoint\",\"urlTemplate\":\"https:\/\/resipark.fr\/?s={search_term_string}\"},\"query-input\":\"required name=search_term_string\"}],\"inLanguage\":\"fr-FR\"},{\"@type\":\"WebPage\",\"@id\":\"https:\/\/resipark.fr\/index.php\/mentions-legales-et-conditions-dutilisation-du-site\/#webpage\",\"url\":\"https:\/\/resipark.fr\/index.php\/mentions-legales-et-conditions-dutilisation-du-site\/\",\"name\":\"Mentions l\\u00e9gales - Resipark\",\"isPartOf\":{\"@id\":\"https:\/\/resipark.fr\/#website\"},\"datePublished\":\"2020-07-17T13:45:43+00:00\",\"dateModified\":\"2021-02-18T14:43:46+00:00\",\"breadcrumb\":{\"@id\":\"https:\/\/resipark.fr\/index.php\/mentions-legales-et-conditions-dutilisation-du-site\/#breadcrumb\"},\"inLanguage\":\"fr-FR\",\"potentialAction\":[{\"@type\":\"ReadAction\",\"target\":[\"https:\/\/resipark.fr\/index.php\/mentions-legales-et-conditions-dutilisation-du-site\/\"]}]},{\"@type\":\"BreadcrumbList\",\"@id\":\"https:\/\/resipark.fr\/index.php\/mentions-legales-et-conditions-dutilisation-du-site\/#breadcrumb\",\"itemListElement\":[{\"@type\":\"ListItem\",\"position\":1,\"name\":\"Accueil\",\"item\":\"https:\/\/resipark.fr\/\"},{\"@type\":\"ListItem\",\"position\":2,\"name\":\"Mentions l\\u00e9gales et conditions d\\u2019utilisation du site\"}]}]}<\/script>\n<!-- \/ Yoast SEO plugin. -->","yoast_head_json":{"title":"Mentions l\u00e9gales - Resipark","robots":{"index":"index","follow":"follow","max-snippet":"max-snippet:-1","max-image-preview":"max-image-preview:large","max-video-preview":"max-video-preview:-1"},"canonical":"https:\/\/resipark.fr\/index.php\/mentions-legales-et-conditions-dutilisation-du-site\/","og_locale":"fr_FR","og_type":"article","og_title":"Mentions l\u00e9gales - Resipark","og_description":"La poursuite de la navigation sur ce site vaut acceptation sans r\u00e9serve des dispositions et conditions d&rsquo;utilisation qui suivent. La version actuellement en ligne de ces conditions d&rsquo;utilisation est la seule opposable pendant toute la dur\u00e9e d&rsquo;utilisation du site et jusqu&rsquo;\u00e0 ce qu&rsquo;une nouvelle version la remplace. Article 1 &#8211;&nbsp;Informations l\u00e9gales1.1&nbsp;Site (ci-apr\u00e8s \u00ab&nbsp;le site&nbsp;\u00bb)&nbsp;:&nbsp;www.resipark.fr 1.2&nbsp;\u00c9diteur &hellip;","og_url":"https:\/\/resipark.fr\/index.php\/mentions-legales-et-conditions-dutilisation-du-site\/","og_site_name":"Resipark","article_modified_time":"2021-02-18T14:43:46+00:00","twitter_card":"summary_large_image","twitter_misc":{"Dur\u00e9e de lecture estim\u00e9e":"4 minutes"},"schema":{"@context":"https:\/\/schema.org","@graph":[{"@type":"Organization","@id":"https:\/\/resipark.fr\/#organization","name":"RESIPARK","url":"https:\/\/resipark.fr\/","sameAs":[],"logo":{"@type":"ImageObject","@id":"https:\/\/resipark.fr\/#logo","inLanguage":"fr-FR","url":"https:\/\/resipark.fr\/wp-content\/uploads\/2020\/07\/RP_avecsig_noir.png","contentUrl":"https:\/\/resipark.fr\/wp-content\/uploads\/2020\/07\/RP_avecsig_noir.png","width":190,"height":190,"caption":"RESIPARK"},"image":{"@id":"https:\/\/resipark.fr\/#logo"}},{"@type":"WebSite","@id":"https:\/\/resipark.fr\/#website","url":"https:\/\/resipark.fr\/","name":"Resipark","description":"Sols r\u00e9sine pour parcs de stationnement","publisher":{"@id":"https:\/\/resipark.fr\/#organization"},"potentialAction":[{"@type":"SearchAction","target":{"@type":"EntryPoint","urlTemplate":"https:\/\/resipark.fr\/?s={search_term_string}"},"query-input":"required name=search_term_string"}],"inLanguage":"fr-FR"},{"@type":"WebPage","@id":"https:\/\/resipark.fr\/index.php\/mentions-legales-et-conditions-dutilisation-du-site\/#webpage","url":"https:\/\/resipark.fr\/index.php\/mentions-legales-et-conditions-dutilisation-du-site\/","name":"Mentions l\u00e9gales - Resipark","isPartOf":{"@id":"https:\/\/resipark.fr\/#website"},"datePublished":"2020-07-17T13:45:43+00:00","dateModified":"2021-02-18T14:43:46+00:00","breadcrumb":{"@id":"https:\/\/resipark.fr\/index.php\/mentions-legales-et-conditions-dutilisation-du-site\/#breadcrumb"},"inLanguage":"fr-FR","potentialAction":[{"@type":"ReadAction","target":["https:\/\/resipark.fr\/index.php\/mentions-legales-et-conditions-dutilisation-du-site\/"]}]},{"@type":"BreadcrumbList","@id":"https:\/\/resipark.fr\/index.php\/mentions-legales-et-conditions-dutilisation-du-site\/#breadcrumb","itemListElement":[{"@type":"ListItem","position":1,"name":"Accueil","item":"https:\/\/resipark.fr\/"},{"@type":"ListItem","position":2,"name":"Mentions l\u00e9gales et conditions d\u2019utilisation du site"}]}]}},"_links":{"self":[{"href":"https:\/\/resipark.fr\/index.php\/wp-json\/wp\/v2\/pages\/72"}],"collection":[{"href":"https:\/\/resipark.fr\/index.php\/wp-json\/wp\/v2\/pages"}],"about":[{"href":"https:\/\/resipark.fr\/index.php\/wp-json\/wp\/v2\/types\/page"}],"author":[{"embeddable":true,"href":"https:\/\/resipark.fr\/index.php\/wp-json\/wp\/v2\/users\/1"}],"replies":[{"embeddable":true,"href":"https:\/\/resipark.fr\/index.php\/wp-json\/wp\/v2\/comments?post=72"}],"version-history":[{"count":4,"href":"https:\/\/resipark.fr\/index.php\/wp-json\/wp\/v2\/pages\/72\/revisions"}],"predecessor-version":[{"id":819,"href":"https:\/\/resipark.fr\/index.php\/wp-json\/wp\/v2\/pages\/72\/revisions\/819"}],"wp:attachment":[{"href":"https:\/\/resipark.fr\/index.php\/wp-json\/wp\/v2\/media?parent=72"}],"curies":[{"name":"wp","href":"https:\/\/api.w.org\/{rel}","templated":true}]}}